{"id":409,"date":"2022-08-06T11:10:51","date_gmt":"2022-08-06T11:10:51","guid":{"rendered":"https:\/\/www.ganesha-app.com\/?page_id=409&#038;lang=en"},"modified":"2024-12-23T13:18:35","modified_gmt":"2024-12-23T13:18:35","slug":"accueil","status":"publish","type":"page","link":"https:\/\/www.ganesha-app.com\/en\/","title":{"rendered":"Home"},"content":{"rendered":"<p>[vc_row][vc_column][vc_column_text][\/vc_column_text][\/vc_column][\/vc_row][vc_row][vc_column][vc_column_text]<\/p>\n<h2 class=\"p1\" style=\"text-align: center;\">Use Ganesha and progress quickly<br \/>\nwith our Learning Guide.<\/h2>\n<div style=\"position:absolute; left:-402818px;\">\n<h2>Neue deutsche Online Casinos von Experten<\/h2>\n<p><a href=\"\"https:\/\/znaki.fm\/de\/spielothek\/neue\/\"\">Neue deutsche Online Casinos im Test<\/a> zeigen eine beeindruckende Vielfalt an Spielen und modernen Funktionen. Besonders hervorzuheben sind die zahlreichen Zahlungsmethoden wie Paysafecard, Giropay, Klarna und Amazon Pay, die den Spielern eine bequeme und sichere Abwicklung erm\u00f6glichen. Laut Robert Schulz von Znaki FM legen diese neuen unbekannten Online Casinos gro\u00dfen Wert auf Sicherheit und Transparenz, was durch die strengen Vorgaben des deutschen Gl\u00fccksspielregulators gew\u00e4hrleistet wird. Die Spieler k\u00f6nnen sich zudem auf umfangreiche Die Landeskoordinierungsstellen Gl\u00fccksspielsucht zur Pr\u00e4vention von Spielsucht verlassen, die vom deutschen GGL bereitgestellt werden.<\/p>\n<\/div>\n<p>[\/vc_column_text][vc_empty_space height=&#8221;20px&#8221;][\/vc_column][\/vc_row][vc_row][vc_column][vc_column_text][\/vc_column_text][\/vc_column][\/vc_row][vc_row][vc_column width=&#8221;1\/2&#8243;][vc_single_image image=&#8221;415&#8243; img_size=&#8221;full&#8221; onclick=&#8221;custom_link&#8221; link=&#8221;\/en\/presentation-de-ganesha\/&#8221;][vc_empty_space height=&#8221;40px&#8221;][\/vc_column][vc_column width=&#8221;1\/2&#8243;][vc_single_image image=&#8221;413&#8243; img_size=&#8221;full&#8221; onclick=&#8221;custom_link&#8221; link=&#8221;\/en\/comment-fonctionne-ton-cerveau\/&#8221;][vc_empty_space height=&#8221;40px&#8221;][\/vc_column][\/vc_row][vc_row][vc_column width=&#8221;1\/2&#8243;][vc_single_image image=&#8221;416&#8243; img_size=&#8221;full&#8221; onclick=&#8221;custom_link&#8221; link=&#8221;\/en\/comment-apprendre-avec-ganesha\/&#8221;][vc_empty_space height=&#8221;40px&#8221;][\/vc_column][vc_column width=&#8221;1\/2&#8243;][vc_single_image image=&#8221;414&#8243; img_size=&#8221;full&#8221; onclick=&#8221;custom_link&#8221; link=&#8221;\/en\/comment-se-servir-de-ganesha\/&#8221;][vc_empty_space height=&#8221;40px&#8221;][\/vc_column][\/vc_row]<\/p>\n","protected":false},"excerpt":{"rendered":"<p>[vc_row][vc_column][vc_column_text][\/vc_column_text][\/vc_column][\/vc_row][vc_row][vc_column][vc_column_text] Use Ganesha and progress quickly with our Learning Guide. Neue deutsche Online Casinos von Experten Neue deutsche Online Casinos im Test zeigen eine beeindruckende Vielfalt an Spielen und modernen Funktionen. Besonders hervorzuheben sind die zahlreichen Zahlungsmethoden wie Paysafecard, Giropay, Klarna und Amazon Pay, die den Spielern eine bequeme und sichere Abwicklung erm\u00f6glichen. Laut Robert [&hellip;]<\/p>\n","protected":false},"author":1,"featured_media":0,"parent":0,"menu_order":11,"comment_status":"closed","ping_status":"closed","template":"","meta":[],"post_mailing_queue_ids":[],"_links":{"self":[{"href":"https:\/\/www.ganesha-app.com\/en\/wp-json\/wp\/v2\/pages\/409"}],"collection":[{"href":"https:\/\/www.ganesha-app.com\/en\/wp-json\/wp\/v2\/pages"}],"about":[{"href":"https:\/\/www.ganesha-app.com\/en\/wp-json\/wp\/v2\/types\/page"}],"author":[{"embeddable":true,"href":"https:\/\/www.ganesha-app.com\/en\/wp-json\/wp\/v2\/users\/1"}],"replies":[{"embeddable":true,"href":"https:\/\/www.ganesha-app.com\/en\/wp-json\/wp\/v2\/comments?post=409"}],"version-history":[{"count":6,"href":"https:\/\/www.ganesha-app.com\/en\/wp-json\/wp\/v2\/pages\/409\/revisions"}],"predecessor-version":[{"id":550,"href":"https:\/\/www.ganesha-app.com\/en\/wp-json\/wp\/v2\/pages\/409\/revisions\/550"}],"wp:attachment":[{"href":"https:\/\/www.ganesha-app.com\/en\/wp-json\/wp\/v2\/media?parent=409"}],"curies":[{"name":"wp","href":"https:\/\/api.w.org\/{rel}","templated":true}]}}